{"id":7,"date":"2020-10-14T10:53:05","date_gmt":"2020-10-14T10:53:05","guid":{"rendered":"http:\/\/xn--hlervarer-g3a.dk\/?page_id=7"},"modified":"2020-10-14T10:53:05","modified_gmt":"2020-10-14T10:53:05","slug":"om","status":"publish","type":"page","link":"https:\/\/xn--hlervarer-g3a.dk\/?page_id=7","title":{"rendered":"Om"},"content":{"rendered":"\n<p>Du er m\u00e5ske en kunstner, der gerne vil introducere dig selv og dine v\u00e6rker her &#8211; eller m\u00e5ske har du en virksomhed med en mission, der skal beskrives.<\/p>\n","protected":false},"excerpt":{"rendered":"<p>Du er m\u00e5ske en kunstner, der gerne vil introducere dig selv og dine v\u00e6rker her &#8211; eller m\u00e5ske har du en virksomhed med en mission, der skal beskrives.<\/p>\n","protected":false},"author":1,"featured_media":0,"parent":0,"menu_order":0,"comment_status":"closed","ping_status":"closed","template":"","meta":[],"_links":{"self":[{"href":"https:\/\/xn--hlervarer-g3a.dk\/index.php?rest_route=\/wp\/v2\/pages\/7"}],"collection":[{"href":"https:\/\/xn--hlervarer-g3a.dk\/index.php?rest_route=\/wp\/v2\/pages"}],"about":[{"href":"https:\/\/xn--hlervarer-g3a.dk\/index.php?rest_route=\/wp\/v2\/types\/page"}],"author":[{"embeddable":true,"href":"https:\/\/xn--hlervarer-g3a.dk\/index.php?rest_route=\/wp\/v2\/users\/1"}],"replies":[{"embeddable":true,"href":"https:\/\/xn--hlervarer-g3a.dk\/index.php?rest_route=%2Fwp%2Fv2%2Fcomments&post=7"}],"version-history":[{"count":1,"href":"https:\/\/xn--hlervarer-g3a.dk\/index.php?rest_route=\/wp\/v2\/pages\/7\/revisions"}],"predecessor-version":[{"id":12,"href":"https:\/\/xn--hlervarer-g3a.dk\/index.php?rest_route=\/wp\/v2\/pages\/7\/revisions\/12"}],"wp:attachment":[{"href":"https:\/\/xn--hlervarer-g3a.dk\/index.php?rest_route=%2Fwp%2Fv2%2Fmedia&parent=7"}],"curies":[{"name":"wp","href":"https:\/\/api.w.org\/{rel}","templated":true}]}}